{"id":28469,"date":"2018-01-10T08:52:50","date_gmt":"2018-01-10T07:52:50","guid":{"rendered":"https:\/\/cars-lieutaud.com\/?page_id=28469"},"modified":"2022-09-21T17:52:08","modified_gmt":"2022-09-21T15:52:08","slug":"news","status":"publish","type":"page","link":"https:\/\/cars-lieutaud.com\/en\/news\/","title":{"rendered":"News"},"content":{"rendered":"<p>[et_pb_section fb_built=&#8221;1&#8243; _builder_version=&#8221;4.16&#8243; background_color=&#8221;#8e857b&#8221; custom_padding=&#8221;0px|0px|0px|0px&#8221; global_colors_info=&#8221;{}&#8221;][et_pb_row use_custom_gutter=&#8221;on&#8221; gutter_width=&#8221;1&#8243; module_class=&#8221; et_pb_row_fullwidth&#8221; _builder_version=&#8221;4.16&#8243; width=&#8221;100%&#8221; width_tablet=&#8221;100%&#8221; width_last_edited=&#8221;on|desktop&#8221; max_width=&#8221;100%&#8221; max_width_tablet=&#8221;100%&#8221; max_width_last_edited=&#8221;on|desktop&#8221; custom_padding=&#8221;0px|0px|0px|0px&#8221; make_fullwidth=&#8221;on&#8221; global_colors_info=&#8221;{}&#8221; width_phone=&#8221;100%&#8221; max_width_phone=&#8221;100%&#8221;][et_pb_column type=&#8221;4_4&#8243; _builder_version=&#8221;4.16&#8243; custom_padding=&#8221;|||&#8221; global_colors_info=&#8221;{}&#8221; custom_padding__hover=&#8221;|||&#8221;][et_pb_image src=&#8221;https:\/\/cars-lieutaud.com\/wp-content\/uploads\/sites\/9\/2017\/07\/Cover-actu.jpg&#8221; show_bottom_space=&#8221;off&#8221; align=&#8221;center&#8221; force_fullwidth=&#8221;on&#8221; align_tablet=&#8221;center&#8221; align_last_edited=&#8221;on|desktop&#8221; _builder_version=&#8221;4.16&#8243; animation_style=&#8221;slide&#8221; animation_direction=&#8221;left&#8221; animation_duration=&#8221;500ms&#8221; animation_intensity_slide=&#8221;10%&#8221; sticky=&#8221;on&#8221; global_colors_info=&#8221;{}&#8221; align_phone=&#8221;center&#8221;][\/et_pb_image][\/et_pb_column][\/et_pb_row][et_pb_row use_custom_gutter=&#8221;on&#8221; gutter_width=&#8221;1&#8243; module_class=&#8221; et_pb_row_fullwidth&#8221; _builder_version=&#8221;4.16&#8243; width=&#8221;100%&#8221; width_tablet=&#8221;100%&#8221; width_last_edited=&#8221;on|desktop&#8221; max_width=&#8221;100%&#8221; max_width_tablet=&#8221;100%&#8221; max_width_last_edited=&#8221;on|desktop&#8221; custom_padding=&#8221;0px|0px|59px|0px&#8221; make_fullwidth=&#8221;on&#8221; global_colors_info=&#8221;{}&#8221; width_phone=&#8221;100%&#8221; max_width_phone=&#8221;100%&#8221;][et_pb_column type=&#8221;4_4&#8243; _builder_version=&#8221;4.16&#8243; custom_padding=&#8221;|||&#8221; global_colors_info=&#8221;{}&#8221; custom_padding__hover=&#8221;|||&#8221;][et_pb_text _builder_version=&#8221;4.16&#8243; text_font_size=&#8221;39px&#8221; header_text_color=&#8221;#ffffff&#8221; header_font_size=&#8221;54px&#8221; text_orientation=&#8221;center&#8221; background_layout=&#8221;dark&#8221; module_alignment=&#8221;center&#8221; global_colors_info=&#8221;{}&#8221;]<\/p>\n<h1 class=\"et-fb-editable-element et-fb-editable-element__editing\">NEWS<\/h1>\n<p>[\/et_pb_text][et_pb_text _builder_version=&#8221;4.16&#8243; text_font_size=&#8221;39px&#8221; header_font_size=&#8221;54px&#8221; text_orientation=&#8221;center&#8221; background_layout=&#8221;dark&#8221; module_alignment=&#8221;center&#8221; global_colors_info=&#8221;{}&#8221;]<\/p>\n<p style=\"text-align: center;\"><span style=\"font-size: x-large;\">FIND OUT LASTEST NEWS ABOUT LIEUTAUD<br \/> <\/span><\/p>\n<p>[\/et_pb_text][\/et_pb_column][\/et_pb_row][\/et_pb_section][et_pb_section fb_built=&#8221;1&#8243; specialty=&#8221;on&#8221; admin_label=&#8221;section&#8221; _builder_version=&#8221;4.16&#8243; global_colors_info=&#8221;{}&#8221;][et_pb_column type=&#8221;3_4&#8243; specialty_columns=&#8221;3&#8243; _builder_version=&#8221;4.16&#8243; custom_padding=&#8221;|||&#8221; global_colors_info=&#8221;{}&#8221; custom_padding__hover=&#8221;|||&#8221;][et_pb_row_inner _builder_version=&#8221;4.16&#8243; global_colors_info=&#8221;{}&#8221;][et_pb_column_inner saved_specialty_column_type=&#8221;3_4&#8243; _builder_version=&#8221;4.16&#8243; custom_padding=&#8221;|||&#8221; global_colors_info=&#8221;{}&#8221; custom_padding__hover=&#8221;|||&#8221;][et_pb_blog posts_number=&#8221;6&#8243; include_categories=&#8221;2&#8243; show_more=&#8221;on&#8221; show_author=&#8221;off&#8221; show_categories=&#8221;off&#8221; show_comments=&#8221;on&#8221; _builder_version=&#8221;4.16&#8243; global_colors_info=&#8221;{}&#8221;][\/et_pb_blog][\/et_pb_column_inner][\/et_pb_row_inner][\/et_pb_column][et_pb_column type=&#8221;1_4&#8243; _builder_version=&#8221;4.16&#8243; custom_padding=&#8221;|||&#8221; global_colors_info=&#8221;{}&#8221; custom_padding__hover=&#8221;|||&#8221;][et_pb_sidebar orientation=&#8221;right&#8221; admin_label=&#8221;Sidebar&#8221; _builder_version=&#8221;4.16&#8243; header_font=&#8221;||||&#8221; body_font=&#8221;|||on|&#8221; body_font_size=&#8221;13px&#8221; global_colors_info=&#8221;{}&#8221;][\/et_pb_sidebar][\/et_pb_column][\/et_pb_section][et_pb_section fb_built=&#8221;1&#8243; make_equal=&#8221;on&#8221; use_custom_gutter=&#8221;on&#8221; gutter_width=&#8221;1&#8243; custom_padding_last_edited=&#8221;on|desktop&#8221; parallax_method_1=&#8221;off&#8221; padding_bottom_1=&#8221;0px&#8221; disabled_on=&#8221;on|on|&#8221; admin_label=&#8221;Bouton Contact &#038; R\u00e9servation&#8221; module_class=&#8221;active et_pb_specialty_fullwidth et_pb_specialty_fullwidth et_pb_specialty_fullwidth&#8221; _builder_version=&#8221;4.16&#8243; background_color=&#8221;#8e857b&#8221; inner_width_tablet=&#8221;100%&#8221; inner_width_phone=&#8221;&#8221; inner_width_last_edited=&#8221;on|desktop&#8221; inner_max_width_tablet=&#8221;100%&#8221; inner_max_width_phone=&#8221;&#8221; inner_max_width_last_edited=&#8221;on|desktop&#8221; custom_padding=&#8221;0px||0px|&#8221; custom_padding_tablet=&#8221;&#8221; custom_padding_phone=&#8221;&#8221; make_fullwidth=&#8221;on&#8221; saved_tabs=&#8221;all&#8221; global_colors_info=&#8221;{}&#8221; global_module=&#8221;25803&#8243; theme_builder_area=&#8221;post_content&#8221;][et_pb_row use_custom_gutter=&#8221;on&#8221; gutter_width=&#8221;1&#8243; make_equal=&#8221;on&#8221; admin_label=&#8221;row&#8221; module_class=&#8221;five-columns blurb-hover et_pb_row_fullwidth et_pb_row_fullwidth et_pb_row_fullwidth&#8221; _builder_version=&#8221;4.16&#8243; background_color=&#8221;#ffffff&#8221; background_size=&#8221;initial&#8221; background_position=&#8221;top_left&#8221; background_repeat=&#8221;repeat&#8221; width=&#8221;100%&#8221; width_tablet=&#8221;100%&#8221; width_phone=&#8221;&#8221; width_last_edited=&#8221;on|desktop&#8221; max_width=&#8221;100%&#8221; max_width_tablet=&#8221;100%&#8221; max_width_phone=&#8221;&#8221; max_width_last_edited=&#8221;on|desktop&#8221; custom_margin=&#8221;||0px|&#8221; custom_padding=&#8221;0px|0px|0px|0px&#8221; make_fullwidth=&#8221;on&#8221; global_colors_info=&#8221;{}&#8221; theme_builder_area=&#8221;post_content&#8221;][et_pb_column type=&#8221;4_4&#8243; _builder_version=&#8221;4.16&#8243; custom_padding=&#8221;||0px|&#8221; global_colors_info=&#8221;{}&#8221; custom_padding__hover=&#8221;|||&#8221; theme_builder_area=&#8221;post_content&#8221;][et_pb_blurb title=&#8221;De 1875 \u00e0 aujourd&#8217;hui&#8221; url=&#8221;https:\/\/cars-lieutaud.fr\/en\/&#8221; admin_label=&#8221;Lien vers Autocars Lieutaud&#8221; _builder_version=&#8221;4.18.0&#8243; header_font_size=&#8221;14px&#8221; body_text_color=&#8221;#ffffff&#8221; background_image=&#8221;https:\/\/cars-lieutaud.com\/wp-content\/uploads\/sites\/9\/2017\/05\/Footer-button-01-LieutaudCorporate.jpg&#8221; background_position=&#8221;top_center&#8221; text_orientation=&#8221;center&#8221; max_width_tablet=&#8221;50px&#8221; use_circle=&#8221;off&#8221; use_circle_border=&#8221;off&#8221; global_colors_info=&#8221;{}&#8221; theme_builder_area=&#8221;post_content&#8221;]<\/p>\n<p>De la cal\u00e8che aux autocars, vivez la saga Lieutaud ! Retrouvez nos valeurs et notre philosophie. D\u00e9couvrez notre flotte, nos \u00e9quipes, dans nos 3 agences.<\/p>\n<div class=\"et_pb_main_blurb_image\"><a href=\"http:\/\/www.cars-lieutaud.fr\"><span class=\"et-pb-icon et-waypoint et_pb_animation_top et-animated\" style=\"color: #ffffff;\">=<\/span><\/a><\/div>\n<p>[\/et_pb_blurb][et_pb_blurb title=&#8221;Lignes r\u00e9guli\u00e8res &#038; scolaires &#8211; Tourisme local &#038; associatif&#8221; url=&#8221;https:\/\/lieutaud.fr\/en\/&#8221; admin_label=&#8221;Lien vers Lignes R\u00e9guli\u00e8res&#8221; _builder_version=&#8221;4.18.0&#8243; body_text_color=&#8221;#ffffff&#8221; background_image=&#8221;https:\/\/cars-lieutaud.com\/wp-content\/uploads\/sites\/9\/2017\/05\/Footer-button-01-LieutaudVaison.jpg&#8221; background_position=&#8221;top_center&#8221; text_orientation=&#8221;center&#8221; max_width_tablet=&#8221;50px&#8221; use_circle=&#8221;off&#8221; use_circle_border=&#8221;off&#8221; global_colors_info=&#8221;{}&#8221; theme_builder_area=&#8221;post_content&#8221;]<\/p>\n<p>Horaires, lignes, points de vente et informations sur le r\u00e9seau TransVaucluse. FLASH INFOS pour suivre en direct le trafic. Organisation de transports pour les voyages scolaires et associatifs.<\/p>\n<div class=\"et_pb_main_blurb_image\"><a href=\"http:\/\/www.lieutaud.fr\"><span class=\"et-pb-icon et-waypoint et_pb_animation_top et-animated\" style=\"color: #ffffff;\">=<\/span><\/a><\/div>\n<p>[\/et_pb_blurb][et_pb_blurb title=&#8221;Grand Tourisme, Voyages d&#8217;affaires&#8221; url=&#8221;https:\/\/cars-lieutaud.com\/en\/&#8221; admin_label=&#8221;Lien vers Grand Tourisme&#8221; module_class=&#8221;active&#8221; _builder_version=&#8221;4.18.0&#8243; body_text_color=&#8221;#ffffff&#8221; background_image=&#8221;https:\/\/cars-lieutaud.com\/wp-content\/uploads\/sites\/9\/2017\/06\/Footer-button-01-LieutaudAutocars-Off.jpg&#8221; background_position=&#8221;top_center&#8221; text_orientation=&#8221;center&#8221; max_width_tablet=&#8221;50px&#8221; use_circle=&#8221;off&#8221; use_circle_border=&#8221;off&#8221; global_colors_info=&#8221;{}&#8221; theme_builder_area=&#8221;post_content&#8221;]<\/p>\n<p>Une gamme premium d\u2019autocars Mercedes au service de vos s\u00e9minaires, congr\u00e8s, tourisme r\u00e9ceptif, mariages et excursions&#8230;<\/p>\n<p>[\/et_pb_blurb][et_pb_blurb title=&#8221;Traversez plus de 2000 ans d&#8217;histoire !&#8221; url=&#8221;https:\/\/petittrainvaison.com\/en\/&#8221; admin_label=&#8221;Lien vers Petit Train Vaison&#8221; _builder_version=&#8221;4.18.0&#8243; body_text_color=&#8221;#ffffff&#8221; background_image=&#8221;https:\/\/cars-lieutaud.com\/wp-content\/uploads\/sites\/9\/2017\/05\/Footer-button-01-LieutaudTrainVaison.jpg&#8221; background_position=&#8221;top_center&#8221; text_orientation=&#8221;center&#8221; max_width_tablet=&#8221;50px&#8221; use_circle=&#8221;off&#8221; use_circle_border=&#8221;off&#8221; global_colors_info=&#8221;{}&#8221; theme_builder_area=&#8221;post_content&#8221;]<\/p>\n<p>Le Petit Train de Vaison La Romaine propose un circuit en petit train dans le centre historique de Vaison la Romaine.<\/p>\n<div class=\"et_pb_main_blurb_image\"><a href=\"http:\/\/petittrainvaison.com\"><span class=\"et-pb-icon et-waypoint et_pb_animation_top et-animated\" style=\"color: #ffffff;\">=<\/span><\/a><\/div>\n<p>[\/et_pb_blurb][et_pb_blurb title=&#8221;Petit Train et Open Tour&#8221; url=&#8221;https:\/\/visiteavignon.com\/?lang=en&#8221; admin_label=&#8221;Lien vers Open Tour et Petit Train&#8221; _builder_version=&#8221;4.18.0&#8243; header_font=&#8221;Montserrat|||on|&#8221; header_text_color=&#8221;#605e5e&#8221; header_font_size=&#8221;14px&#8221; header_line_height=&#8221;1.3em&#8221; body_text_color=&#8221;#ffffff&#8221; body_line_height=&#8221;1.4em&#8221; background_image=&#8221;https:\/\/cars-lieutaud.com\/wp-content\/uploads\/sites\/9\/2017\/06\/Footer-button-01-LieutaudVisiteAvignon.jpg&#8221; background_position=&#8221;top_center&#8221; text_orientation=&#8221;center&#8221; max_width_tablet=&#8221;50px&#8221; use_circle=&#8221;off&#8221; use_circle_border=&#8221;off&#8221; global_colors_info=&#8221;{}&#8221; theme_builder_area=&#8221;post_content&#8221;]<\/p>\n<p><strong>Visite Avignon<\/strong> propose de d\u00e9couvrir les villes d\u2019Avignon et de Villeneuve les Avignon en petit train et\/ou en open tour. Un city tour aux circuits originaux avec 19 sites et une approche ludique \u00ab sp\u00e9cial enfant \u00bb avec des commentaires adapt\u00e9s aux plus petits. Une boutique \u00e0 d\u00e9couvrir, 40 cours Jean Jaur\u00e8s.<\/p>\n<div class=\"et_pb_main_blurb_image\"><a href=\"https:\/\/visiteavignon.com\"><span class=\"et-pb-icon et-waypoint et_pb_animation_top et-animated\" style=\"color: #ffffff;\">=<\/span><\/a><\/div>\n<p>[\/et_pb_blurb][\/et_pb_column][\/et_pb_row][et_pb_row column_structure=&#8221;1_2,1_2&#8243; _builder_version=&#8221;4.16&#8243; background_color=&#8221;#8e857b&#8221; background_size=&#8221;initial&#8221; background_position=&#8221;top_left&#8221; background_repeat=&#8221;repeat&#8221; width=&#8221;100%&#8221; max_width=&#8221;100%&#8221; custom_margin=&#8221;|0px||0px&#8221; custom_padding=&#8221;|0px||0px&#8221; custom_css_main_element=&#8221;width: 100% !important;||max-width: 100% !important;&#8221; use_custom_width=&#8221;on&#8221; width_unit=&#8221;off&#8221; custom_width_percent=&#8221;100%&#8221; global_colors_info=&#8221;{}&#8221; theme_builder_area=&#8221;post_content&#8221;][et_pb_column type=&#8221;1_2&#8243; _builder_version=&#8221;4.16&#8243; background_position=&#8221;top_left&#8221; custom_padding=&#8221;|||10%&#8221; global_colors_info=&#8221;{}&#8221; custom_padding__hover=&#8221;|||&#8221; theme_builder_area=&#8221;post_content&#8221;][et_pb_social_media_follow url_new_window=&#8221;off&#8221; _builder_version=&#8221;4.16&#8243; custom_css_social_icon=&#8221;background-color: #bab6b5;&#8221; border_radii=&#8221;on|100%|100%|100%|100%&#8221; link_shape=&#8221;circle&#8221; global_colors_info=&#8221;{}&#8221; theme_builder_area=&#8221;post_content&#8221;][et_pb_social_media_follow_network social_network=&#8221;youtube&#8221; url=&#8221;https:\/\/www.youtube.com\/user\/CarsLieutaud&#8221; _builder_version=&#8221;4.16&#8243; background_color=&#8221;#a82400&#8243; bg_color=&#8221;#a82400&#8243; global_colors_info=&#8221;{}&#8221; theme_builder_area=&#8221;post_content&#8221; follow_button=&#8221;off&#8221; url_new_window=&#8221;off&#8221;] YouTube [\/et_pb_social_media_follow_network][et_pb_social_media_follow_network social_network=&#8221;facebook&#8221; url=&#8221;https:\/\/www.facebook.com\/carslieutaud\/&#8221; _builder_version=&#8221;4.16&#8243; background_color=&#8221;#3b5998&#8243; bg_color=&#8221;#3b5998&#8243; global_colors_info=&#8221;{}&#8221; theme_builder_area=&#8221;post_content&#8221; follow_button=&#8221;off&#8221; url_new_window=&#8221;off&#8221;] Facebook [\/et_pb_social_media_follow_network][et_pb_social_media_follow_network social_network=&#8221;linkedin&#8221; url=&#8221;https:\/\/www.linkedin.com\/company-beta\/11165995\/&#8221; _builder_version=&#8221;4.16&#8243; background_color=&#8221;#007bb6&#8243; bg_color=&#8221;#007bb6&#8243; global_colors_info=&#8221;{}&#8221; theme_builder_area=&#8221;post_content&#8221; follow_button=&#8221;off&#8221; url_new_window=&#8221;off&#8221;] LinkedIn [\/et_pb_social_media_follow_network][et_pb_social_media_follow_network social_network=&#8221;instagram&#8221; url=&#8221;https:\/\/www.instagram.com\/carslieutaud\/&#8221; _builder_version=&#8221;4.16&#8243; background_color=&#8221;#517fa4&#8243; bg_color=&#8221;#517fa4&#8243; global_colors_info=&#8221;{}&#8221; theme_builder_area=&#8221;post_content&#8221; follow_button=&#8221;off&#8221; url_new_window=&#8221;off&#8221;] Instagram [\/et_pb_social_media_follow_network][\/et_pb_social_media_follow][\/et_pb_column][et_pb_column type=&#8221;1_2&#8243; _builder_version=&#8221;4.16&#8243; background_position=&#8221;top_left&#8221; custom_padding=&#8221;|||&#8221; global_colors_info=&#8221;{}&#8221; custom_padding__hover=&#8221;|||&#8221; theme_builder_area=&#8221;post_content&#8221;][et_pb_button button_url=&#8221;\/reservations-information&#8221; button_text=&#8221;Contact &#038; R\u00e9servation en ligne&#8221; button_alignment=&#8221;center&#8221; admin_label=&#8221;Bouton Contact &#038; R\u00e9servation&#8221; _builder_version=&#8221;4.18.0&#8243; custom_button=&#8221;on&#8221; button_text_size=&#8221;15px&#8221; button_text_color=&#8221;#ffffff&#8221; button_border_color=&#8221;#ffffff&#8221; button_border_radius=&#8221;9px&#8221; button_icon=&#8221;&#x24;||divi||400&#8243; button_text_color_hover=&#8221;#605e5e&#8221; button_bg_color_hover=&#8221;#ffffff&#8221; saved_tabs=&#8221;all&#8221; global_colors_info=&#8221;{}&#8221; button_text_size__hover_enabled=&#8221;off&#8221; button_one_text_size__hover_enabled=&#8221;off&#8221; button_two_text_size__hover_enabled=&#8221;off&#8221; button_text_color__hover_enabled=&#8221;on&#8221; button_text_color__hover=&#8221;#605e5e&#8221; button_one_text_color__hover_enabled=&#8221;off&#8221; button_two_text_color__hover_enabled=&#8221;off&#8221; button_border_width__hover_enabled=&#8221;off&#8221; button_one_border_width__hover_enabled=&#8221;off&#8221; button_two_border_width__hover_enabled=&#8221;off&#8221; button_border_color__hover_enabled=&#8221;off&#8221; button_one_border_color__hover_enabled=&#8221;off&#8221; button_two_border_color__hover_enabled=&#8221;off&#8221; button_border_radius__hover_enabled=&#8221;off&#8221; button_one_border_radius__hover_enabled=&#8221;off&#8221; button_two_border_radius__hover_enabled=&#8221;off&#8221; button_letter_spacing__hover_enabled=&#8221;off&#8221; button_one_letter_spacing__hover_enabled=&#8221;off&#8221; button_two_letter_spacing__hover_enabled=&#8221;off&#8221; button_bg_color__hover_enabled=&#8221;on&#8221; button_bg_color__hover=&#8221;#ffffff&#8221; button_one_bg_color__hover_enabled=&#8221;off&#8221; button_two_bg_color__hover_enabled=&#8221;off&#8221; theme_builder_area=&#8221;post_content&#8221;][\/et_pb_button][\/et_pb_column][\/et_pb_row][\/et_pb_section]<\/p>\n<span class=\"et_bloom_bottom_trigger\"><\/span>","protected":false},"excerpt":{"rendered":"<p>NEWSFIND OUT LASTEST NEWS ABOUT LIEUTAUD De la cal\u00e8che aux autocars, vivez la saga Lieutaud ! Retrouvez nos valeurs et notre philosophie. D\u00e9couvrez notre flotte, nos \u00e9quipes, dans nos 3 agences. =Horaires, lignes, points de vente et informations sur le r\u00e9seau TransVaucluse. FLASH INFOS pour suivre en direct le trafic. Organisation de transports pour les [&hellip;]<\/p>\n","protected":false},"author":3,"featured_media":0,"parent":0,"menu_order":0,"comment_status":"closed","ping_status":"closed","template":"","meta":{"_seopress_robots_primary_cat":"","_et_pb_use_builder":"on","_et_pb_old_content":"","_et_gb_content_width":""},"acf":[],"_links":{"self":[{"href":"https:\/\/cars-lieutaud.com\/en\/wp-json\/wp\/v2\/pages\/28469"}],"collection":[{"href":"https:\/\/cars-lieutaud.com\/en\/wp-json\/wp\/v2\/pages"}],"about":[{"href":"https:\/\/cars-lieutaud.com\/en\/wp-json\/wp\/v2\/types\/page"}],"author":[{"embeddable":true,"href":"https:\/\/cars-lieutaud.com\/en\/wp-json\/wp\/v2\/users\/3"}],"replies":[{"embeddable":true,"href":"https:\/\/cars-lieutaud.com\/en\/wp-json\/wp\/v2\/comments?post=28469"}],"version-history":[{"count":3,"href":"https:\/\/cars-lieutaud.com\/en\/wp-json\/wp\/v2\/pages\/28469\/revisions"}],"predecessor-version":[{"id":28887,"href":"https:\/\/cars-lieutaud.com\/en\/wp-json\/wp\/v2\/pages\/28469\/revisions\/28887"}],"wp:attachment":[{"href":"https:\/\/cars-lieutaud.com\/en\/wp-json\/wp\/v2\/media?parent=28469"}],"curies":[{"name":"wp","href":"https:\/\/api.w.org\/{rel}","templated":true}]}}